{"id":1336,"date":"2025-10-30T12:24:20","date_gmt":"2025-10-30T12:24:20","guid":{"rendered":"https:\/\/beathomecostadelsol.com\/?post_type=product&#038;p=1336"},"modified":"2025-10-30T12:59:14","modified_gmt":"2025-10-30T12:59:14","slug":"obra-nueva-vesta-mare-by-grupo-abu","status":"publish","type":"product","link":"https:\/\/beathomecostadelsol.com\/en\/producto\/obra-nueva-vesta-mare-by-grupo-abu\/","title":{"rendered":"Obra nueva:   VESTA MARE by Grupo ABU"},"content":{"rendered":"<p><span style=\"color: #000000;\">Imagina despertar cada ma\u00f1ana con el <strong>sol saliendo sobre el Mediterr\u00e1neo<\/strong>, disfrutando de vistas que se extienden hasta el horizonte desde tu hogar. Bienvenido a\u00a0<strong>Vesta Mare<\/strong>, el nuevo desarrollo de\u00a0<strong>Grupo ABU<\/strong> en primer\u00edsima l\u00ednea de playa <strong>de Manilva<\/strong>, un proyecto donde la\u00a0<strong>historia y el estilo de vida mediterr\u00e1neo<\/strong>\u00a0se combinan para crear algo verdaderamente \u00fanico.<\/span><\/p>\n<p><span style=\"color: #000000;\">Ubicado junto al\u00a0<strong>Castillo de la Duquesa<\/strong>\u00a0y a pocos minutos de la\u00a0<strong>Marina de la Duquesa<\/strong>, Vesta Mare disfruta de un\u00a0<strong>entorno privilegiado<\/strong>, donde el\u00a0<strong>patrimonio hist\u00f3rico<\/strong>\u00a0se encuentra con una\u00a0<strong>oferta vibrante de ocio, deporte, gastronom\u00eda y entretenimiento<\/strong>. Esta ubicaci\u00f3n combina la\u00a0<strong>tranquilidad de un pueblo costero<\/strong>\u00a0con la vitalidad de la Costa del Sol, una zona en crecimiento con\u00a0<strong>muy poca oferta de obra nueva en primera l\u00ednea de playa<\/strong>.<\/span><\/p>\n<p><span style=\"color: #000000;\">El proyecto contar\u00e1 con\u00a0<strong>tres edificios y 145 residencias \u00fanicas<\/strong>, con una selecci\u00f3n cuidadosamente dise\u00f1ada de viviendas modernas para adaptarse a cualquier estilo de vida:\u00a0<strong>viviendas de 1, 2, 3 y 4 dormitorios<\/strong>. Cada hogar combina\u00a0<strong>arquitectura innovadora, acabados de primera calidad y servicios de alto nivel<\/strong>, creando el\u00a0<strong>equilibrio perfecto entre confort, estilo y exclusividad<\/strong>.<\/span><\/p>\n<p><span style=\"color: #000000;\">A trav\u00e9s del servicio\u00a0<strong>MINAMI<\/strong>, los propietarios pueden participar en\u00a0<strong>cada detalle de su hogar<\/strong>: acabados, materiales, sistemas de climatizaci\u00f3n, decoraci\u00f3n, paisajismo e incluso opciones de distribuci\u00f3n. Desde el primer boceto hasta la entrega, cada residencia puede ser\u00a0<strong>totalmente amueblada y equipada<\/strong>, lista para disfrutarse desde el primer d\u00eda.<\/span><\/p>\n<p><span style=\"color: #000000;\">Las zonas comunes incluyen\u00a0<strong>piscina comunitaria, jardines paisaj\u00edsticos, plaza central y aparcamiento privado<\/strong>, creando un entorno\u00a0<strong>seguro, elegante y funcional para toda la familia<\/strong>.<\/span><\/p>\n<p>&nbsp;<\/p>\n<p><span style=\"color: #000000;\">*Detr\u00e1s de Vesta Mare se encuentra <strong>Grupo ABU<\/strong>, liderado por\u00a0<strong>Jes\u00fas Vera<\/strong>, socio fundador y principal accionista, un promotor con\u00a0<strong>m\u00e1s de 25 a\u00f1os de experiencia<\/strong>, reconocido por su\u00a0<strong>innovaci\u00f3n, calidad y arquitectura de vanguardia.<\/strong>\u00a0ABU tiene en carga\u00a0<strong>m\u00e1s de 3.500 viviendas en toda Espa\u00f1a<\/strong>\u00a0y actualmente gestiona\u00a0<strong>11 proyectos a lo largo de la Costa del Sol<\/strong>, generando m\u00e1s de\u00a0<strong>4.000 empleos<\/strong>.<\/span><\/p>\n<p><span style=\"color: #000000;\">El grupo es conocido por elegir\u00a0<strong>ubicaciones ic\u00f3nicas<\/strong>, respetar el\u00a0<strong>patrimonio hist\u00f3rico y cultural<\/strong>, y combinar\u00a0<strong>arquitectura contempor\u00e1nea<\/strong>\u00a0con un profundo\u00a0<strong>compromiso con la comunidad y el entorno<\/strong>. Cada desarrollo se convierte en un\u00a0<strong>referente de elegancia, estilo de vida y dise\u00f1o<\/strong>, creando hogares que trascienden la construcci\u00f3n para ofrecer\u00a0<strong>experiencias de vida memorables<\/strong>.<\/span><\/p>\n<p><span style=\"color: #000000;\"><strong>Hogares exclusivos, personalizados y con alma<\/strong><\/span><\/p>\n","protected":false},"excerpt":{"rendered":"<p><span style=\"color: #000000;\">T<\/span>res edificios y 145 residencias \u00fanicas. V<span style=\"color: #000000;\">iviendas modernas para adaptarse a cualquier estilo de vida: <\/span>apartamentos de 1, 2, 3 y 4 dormitorios<span style=\"color: #000000;\">. Cada hogar combina\u00a0<\/span>arquitectura innovadora, acabados de primera calidad y servicios de alto nivel<span style=\"color: #000000;\">, creando el\u00a0<\/span>equilibrio perfecto entre confort, estilo y exclusividad<span style=\"color: #000000;\">.<\/span><\/p>\n","protected":false},"featured_media":1337,"comment_status":"open","ping_status":"closed","template":"","meta":{"_acf_changed":false,"iawp_total_views":20},"marca":[],"product_brand":[],"product_cat":[50,52,53,54,43],"product_tag":[143,145,142,144],"class_list":{"0":"post-1336","1":"product","2":"type-product","3":"status-publish","4":"has-post-thumbnail","6":"product_cat-apartamento","7":"product_cat-nueva-obra","8":"product_cat-obra-nueva","9":"product_cat-residencial","10":"product_cat-venta","11":"product_tag-apartamento","12":"product_tag-manilva","13":"product_tag-obra-nueva","14":"product_tag-primera-linea-de-playa","16":"first","17":"instock","18":"shipping-taxable","19":"product-type-grouped"},"acf":[],"yoast_head":"<!-- This site is optimized with the Yoast SEO plugin v27.3 - https:\/\/yoast.com\/product\/yoast-seo-wordpress\/ -->\n<title>Obra nueva:  VESTA MARE by Grupo ABU - Be at Home<\/title>\n<meta name=\"robots\" content=\"index, follow, max-snippet:-1, max-image-preview:large, max-video-preview:-1\" \/>\n<link rel=\"canonical\" href=\"https:\/\/beathomecostadelsol.com\/en\/producto\/obra-nueva-vesta-mare-by-grupo-abu\/\" \/>\n<meta property=\"og:locale\" content=\"en_US\" \/>\n<meta property=\"og:type\" content=\"article\" \/>\n<meta property=\"og:title\" content=\"Obra nueva:  VESTA MARE by Grupo ABU - Be at Home\" \/>\n<meta property=\"og:description\" content=\"Tres edificios y 145 residencias \u00fanicas. Viviendas modernas para adaptarse a cualquier estilo de vida: apartamentos de 1, 2, 3 y 4 dormitorios. Cada hogar combina\u00a0arquitectura innovadora, acabados de primera calidad y servicios de alto nivel, creando el\u00a0equilibrio perfecto entre confort, estilo y exclusividad.\" \/>\n<meta property=\"og:url\" content=\"https:\/\/beathomecostadelsol.com\/en\/producto\/obra-nueva-vesta-mare-by-grupo-abu\/\" \/>\n<meta property=\"og:site_name\" content=\"Be at Home\" \/>\n<meta property=\"article:modified_time\" content=\"2025-10-30T12:59:14+00:00\" \/>\n<meta property=\"og:image\" content=\"https:\/\/beathomecostadelsol.com\/wp-content\/uploads\/2025\/10\/vesta-mare-1.webp\" \/>\n\t<meta property=\"og:image:width\" content=\"1280\" \/>\n\t<meta property=\"og:image:height\" content=\"721\" \/>\n\t<meta property=\"og:image:type\" content=\"image\/webp\" \/>\n<meta name=\"twitter:card\" content=\"summary_large_image\" \/>\n<meta name=\"twitter:label1\" content=\"Est. reading time\" \/>\n\t<meta name=\"twitter:data1\" content=\"2 minutes\" \/>\n<!-- \/ Yoast SEO plugin. -->","yoast_head_json":{"title":"Obra nueva:  VESTA MARE by Grupo ABU - Be at Home","robots":{"index":"index","follow":"follow","max-snippet":"max-snippet:-1","max-image-preview":"max-image-preview:large","max-video-preview":"max-video-preview:-1"},"canonical":"https:\/\/beathomecostadelsol.com\/en\/producto\/obra-nueva-vesta-mare-by-grupo-abu\/","og_locale":"en_US","og_type":"article","og_title":"Obra nueva:  VESTA MARE by Grupo ABU - Be at Home","og_description":"Tres edificios y 145 residencias \u00fanicas. Viviendas modernas para adaptarse a cualquier estilo de vida: apartamentos de 1, 2, 3 y 4 dormitorios. Cada hogar combina\u00a0arquitectura innovadora, acabados de primera calidad y servicios de alto nivel, creando el\u00a0equilibrio perfecto entre confort, estilo y exclusividad.","og_url":"https:\/\/beathomecostadelsol.com\/en\/producto\/obra-nueva-vesta-mare-by-grupo-abu\/","og_site_name":"Be at Home","article_modified_time":"2025-10-30T12:59:14+00:00","og_image":[{"width":1280,"height":721,"url":"https:\/\/beathomecostadelsol.com\/wp-content\/uploads\/2025\/10\/vesta-mare-1.webp","type":"image\/webp"}],"twitter_card":"summary_large_image","twitter_misc":{"Est. reading time":"2 minutes"},"schema":{"@context":"https:\/\/schema.org","@graph":[{"@type":"WebPage","@id":"https:\/\/beathomecostadelsol.com\/en\/producto\/obra-nueva-vesta-mare-by-grupo-abu\/","url":"https:\/\/beathomecostadelsol.com\/en\/producto\/obra-nueva-vesta-mare-by-grupo-abu\/","name":"Obra nueva: VESTA MARE by Grupo ABU - Be at Home","isPartOf":{"@id":"https:\/\/beathomecostadelsol.com\/en\/#website"},"primaryImageOfPage":{"@id":"https:\/\/beathomecostadelsol.com\/en\/producto\/obra-nueva-vesta-mare-by-grupo-abu\/#primaryimage"},"image":{"@id":"https:\/\/beathomecostadelsol.com\/en\/producto\/obra-nueva-vesta-mare-by-grupo-abu\/#primaryimage"},"thumbnailUrl":"https:\/\/beathomecostadelsol.com\/wp-content\/uploads\/2025\/10\/vesta-mare-1.webp","datePublished":"2025-10-30T12:24:20+00:00","dateModified":"2025-10-30T12:59:14+00:00","breadcrumb":{"@id":"https:\/\/beathomecostadelsol.com\/en\/producto\/obra-nueva-vesta-mare-by-grupo-abu\/#breadcrumb"},"inLanguage":"en-US","potentialAction":[{"@type":"ReadAction","target":["https:\/\/beathomecostadelsol.com\/en\/producto\/obra-nueva-vesta-mare-by-grupo-abu\/"]}]},{"@type":"ImageObject","inLanguage":"en-US","@id":"https:\/\/beathomecostadelsol.com\/en\/producto\/obra-nueva-vesta-mare-by-grupo-abu\/#primaryimage","url":"https:\/\/beathomecostadelsol.com\/wp-content\/uploads\/2025\/10\/vesta-mare-1.webp","contentUrl":"https:\/\/beathomecostadelsol.com\/wp-content\/uploads\/2025\/10\/vesta-mare-1.webp","width":1280,"height":721},{"@type":"BreadcrumbList","@id":"https:\/\/beathomecostadelsol.com\/en\/producto\/obra-nueva-vesta-mare-by-grupo-abu\/#breadcrumb","itemListElement":[{"@type":"ListItem","position":1,"name":"Portada","item":"https:\/\/beathomecostadelsol.com\/en\/"},{"@type":"ListItem","position":2,"name":"Tienda","item":"https:\/\/beathomecostadelsol.com\/tienda\/"},{"@type":"ListItem","position":3,"name":"Obra nueva: VESTA MARE by Grupo ABU"}]},{"@type":"WebSite","@id":"https:\/\/beathomecostadelsol.com\/en\/#website","url":"https:\/\/beathomecostadelsol.com\/en\/","name":"Be at Home","description":"","publisher":{"@id":"https:\/\/beathomecostadelsol.com\/en\/#organization"},"potentialAction":[{"@type":"SearchAction","target":{"@type":"EntryPoint","urlTemplate":"https:\/\/beathomecostadelsol.com\/en\/?s={search_term_string}"},"query-input":{"@type":"PropertyValueSpecification","valueRequired":true,"valueName":"search_term_string"}}],"inLanguage":"en-US"},{"@type":"Organization","@id":"https:\/\/beathomecostadelsol.com\/en\/#organization","name":"Be at Home","url":"https:\/\/beathomecostadelsol.com\/en\/","logo":{"@type":"ImageObject","inLanguage":"en-US","@id":"https:\/\/beathomecostadelsol.com\/en\/#\/schema\/logo\/image\/","url":"https:\/\/beathomecostadelsol.com\/wp-content\/uploads\/2024\/07\/668fbb6d02934_5-removebg-preview.png","contentUrl":"https:\/\/beathomecostadelsol.com\/wp-content\/uploads\/2024\/07\/668fbb6d02934_5-removebg-preview.png","width":500,"height":500,"caption":"Be at Home"},"image":{"@id":"https:\/\/beathomecostadelsol.com\/en\/#\/schema\/logo\/image\/"}}]}},"_links":{"self":[{"href":"https:\/\/beathomecostadelsol.com\/en\/wp-json\/wp\/v2\/product\/1336","targetHints":{"allow":["GET"]}}],"collection":[{"href":"https:\/\/beathomecostadelsol.com\/en\/wp-json\/wp\/v2\/product"}],"about":[{"href":"https:\/\/beathomecostadelsol.com\/en\/wp-json\/wp\/v2\/types\/product"}],"replies":[{"embeddable":true,"href":"https:\/\/beathomecostadelsol.com\/en\/wp-json\/wp\/v2\/comments?post=1336"}],"wp:featuredmedia":[{"embeddable":true,"href":"https:\/\/beathomecostadelsol.com\/en\/wp-json\/wp\/v2\/media\/1337"}],"wp:attachment":[{"href":"https:\/\/beathomecostadelsol.com\/en\/wp-json\/wp\/v2\/media?parent=1336"}],"wp:term":[{"taxonomy":"marca","embeddable":true,"href":"https:\/\/beathomecostadelsol.com\/en\/wp-json\/wp\/v2\/marca?post=1336"},{"taxonomy":"product_brand","embeddable":true,"href":"https:\/\/beathomecostadelsol.com\/en\/wp-json\/wp\/v2\/product_brand?post=1336"},{"taxonomy":"product_cat","embeddable":true,"href":"https:\/\/beathomecostadelsol.com\/en\/wp-json\/wp\/v2\/product_cat?post=1336"},{"taxonomy":"product_tag","embeddable":true,"href":"https:\/\/beathomecostadelsol.com\/en\/wp-json\/wp\/v2\/product_tag?post=1336"}],"curies":[{"name":"wp","href":"https:\/\/api.w.org\/{rel}","templated":true}]}}